{"id":7460,"date":"2020-02-22T21:02:19","date_gmt":"2020-02-22T21:02:19","guid":{"rendered":"http:\/\/www.skylightyachting.com\/hakkimizda\/"},"modified":"2020-02-22T21:48:45","modified_gmt":"2020-02-22T21:48:45","slug":"iletisim","status":"publish","type":"page","link":"http:\/\/www.skylightyachting.com\/tr\/iletisim\/","title":{"rendered":"\u0130leti\u015fim"},"content":{"rendered":"<p><div  class=\"fusion-fullwidth fullwidth-box nonhundred-percent-fullwidth\"  style='background-color: rgba(255,255,255,0);background-position: left top;background-repeat: no-repeat;padding-top:20px;padding-right:0px;padding-bottom:20px;padding-left:0px;border-top-width:0px;border-bottom-width:0px;border-color:#eae9e9;border-top-style:;border-bottom-style:;'><div class=\"fusion-builder-row fusion-row \"><div  class=\"fusion-layout-column fusion_builder_column fusion_builder_column_1_2  fusion-one-half fusion-column-first 1_2\"  style='margin-top:0px;margin-bottom:20px;width:48%; margin-right: 4%;'>\n\t\t\t<div class=\"fusion-column-wrapper\" style=\"background-position:left top;background-repeat:no-repeat;-webkit-background-size:cover;-moz-background-size:cover;-o-background-size:cover;background-size:cover;\"  data-bg-url=\"\">\n\t\t\t\t<iframe src=\"https:\/\/www.google.com\/maps\/embed?pb=!1m18!1m12!1m3!1d1504.4545473243872!2d28.993248305853484!3d41.04911699846116!2m3!1f0!2f0!3f0!3m2!1i1024!2i768!4f13.1!3m3!1m2!1s0x14cab70b8b1751f7:0x844160b98924198f!2zSGFyYml5ZSBNYWhhbGxlc2ksIFRlxZ92aWtpeWUgQ2QuIE5vOjEzLCAzNDM2NyDFnmnFn2xpL8Swc3RhbmJ1bA!5e0!3m2!1str!2str!4v1549872628787\" width=\"100%\" height=\"450\" frameborder=\"0\" style=\"border:0\" allowfullscreen><\/iframe><div class=\"fusion-clearfix\"><\/div>\n\n\t\t\t<\/div>\n\t\t<\/div><div  class=\"fusion-layout-column fusion_builder_column fusion_builder_column_1_2  fusion-one-half fusion-column-last 1_2\"  style='margin-top:0px;margin-bottom:20px;width:48%'>\n\t\t\t<div class=\"fusion-column-wrapper\" style=\"background-position:left top;background-repeat:no-repeat;-webkit-background-size:cover;-moz-background-size:cover;-o-background-size:cover;background-size:cover;\"  data-bg-url=\"\">\n\t\t\t\t<h3 style=\"margin: 0 0 10px 0;\">Adres<\/h3>\n<p>Te\u015fvikiye Caddesi, \u0130spilandit apt. N0 13\/3 Ni\u015fanta\u015f\u0131 \u015ei\u015fli Istanbul<\/p>\n<p>Ph: +90 212 330 33 03<\/p>\n<h3 style=\"margin: 10px 0;\">\u0130leti\u015fim Formu<\/h3>\n<div id=\"iphorm-outer-69e769b268442\" class=\"iphorm-outer iphorm-outer-1 iphorm-uniform-theme-default iphorm-responsive\" >\n    <script type=\"text\/javascript\">\n        jQuery(document).ready(function($) {\n                        $('#iphorm-69e769b268442').iPhorm({\"id\":1,\"uniqueId\":\"69e769b268442\",\"useAjax\":true,\"successMessageTimeout\":10,\"resetFormValues\":\"\",\"clElementIds\":[],\"clDependentElementIds\":[],\"centerFancybox\":true,\"centerFancyboxSpeed\":true});\n                        if ($.isFunction($.fn.qtip)) {\n                $('.iphorm-tooltip-hover', iPhorm.instance.$form).qtip({\n                    style: {\n                        classes: 'qtip-plain qtip-shadow'\n                    },\n                    position: {\n                        my: 'left center',\n                        at: 'right center'\n                    }\n                });\n                $('.iphorm-tooltip-click', iPhorm.instance.$form).qtip({\n                    style: {\n                        classes: 'qtip-plain qtip-shadow'\n                    },\n                    position: {\n                        my: 'left center',\n                        at: 'right center'\n                    },\n                    show: {\n                        event: 'focus'\n                    },\n                    hide: {\n                        event: 'unfocus'\n                    }\n                });\n                $('.iphorm-tooltip-icon-hover', iPhorm.instance.$form).qtip({\n                    style: {\n                        classes: 'qtip-plain qtip-shadow'\n                    },\n                    position: {\n                        my: 'left center',\n                        at: 'right center'\n                    },\n                    content: {\n                        text: function (api) {\n                            return $(this).find('.iphorm-tooltip-icon-content').html();\n                        }\n                    }\n                });\n                $('.iphorm-tooltip-icon-click', iPhorm.instance.$form).qtip({\n                    style: {\n                        classes: 'qtip-plain qtip-shadow'\n                    },\n                    position: {\n                        my: 'left center',\n                        at: 'right center'\n                    },\n                    show: {\n                        event: 'click'\n                    },\n                    hide: {\n                        event: 'unfocus'\n                    },\n                    content: {\n                        text: function (api) {\n                            return $(this).find('.iphorm-tooltip-icon-content').html();\n                        }\n                    }\n                });\n                $('.iphorm-labels-inside > .iphorm-element-spacer > label').hover(function () {\n                    $(this).siblings('.iphorm-input-wrap').find('.iphorm-tooltip-hover').qtip('show');\n                }, function () {\n                    $(this).siblings('.iphorm-input-wrap').find('.iphorm-tooltip-hover').qtip('hide');\n                });\n            }\n                                    if ($.isFunction($.fn.uniform)) {\n                $('select, input:checkbox, input:radio', iPhorm.instance.$form).uniform({context: iPhorm.instance.$form, selectAutoWidth: false});\n            }\n                        if ($.isFunction($.fn.inFieldLabels)) {\n                $('.iphorm-labels-inside:not(.iphorm-element-wrap-recaptcha) > .iphorm-element-spacer > label', iPhorm.instance.$form).inFieldLabels();\n            }\n                        $('.iphorm-group-row > div:last-child:not(:first-child)', iPhorm.instance.$form).add('.iphorm-group-row:last-child', iPhorm.instance.$form).addClass('last-child');\n                    });\n    <\/script>\n    <form id=\"iphorm-69e769b268442\" class=\"iphorm iphorm-form-1\" action=\"\/tr\/wp-json\/wp\/v2\/pages\/7460#iphorm-69e769b268442\" method=\"post\" enctype=\"multipart\/form-data\" novalidate=\"novalidate\">\n        <div class=\"iphorm-inner iphorm-inner-1\" >\n            <input type=\"hidden\" name=\"iphorm_id\" value=\"1\" \/>\n            <input type=\"hidden\" name=\"iphorm_uid\" value=\"69e769b268442\" \/>\n            <input type=\"hidden\" name=\"form_url\" value=\"http:\/\/www.skylightyachting.com\/tr\/wp-json\/wp\/v2\/pages\/7460\" \/>\n            <input type=\"hidden\" name=\"referring_url\" value=\"\" \/>\n            <input type=\"hidden\" name=\"post_id\" value=\"\" \/>\n            <input type=\"hidden\" name=\"post_title\" value=\"\" \/>\n                                                                        <div class=\"iphorm-success-message iphorm-hidden\" ><\/div>\n                                        <div class=\"iphorm-elements iphorm-elements-1 iphorm-clearfix\" >\n                <div class=\"iphorm-group-wrap iphorm_1_2-group-wrap iphorm-clearfix iphorm-labels-above iphorm-group-style-plain iphorm-group-alignment-proportional\" >\n    <div class=\"iphorm-group-elements\" >\n                <div class=\"iphorm-group-row iphorm-clearfix iphorm-group-row-2cols\"><div class=\"iphorm-element-wrap iphorm-element-wrap-text iphorm_1_1-element-wrap iphorm-clearfix iphorm-labels-above iphorm-element-required\" >\n    <div class=\"iphorm-element-spacer iphorm-element-spacer-text iphorm_1_1-element-spacer\">\n        <label for=\"iphorm_1_1_69e769b268442\" class=\"iphorm_1_1-outer-label\" >Name<span class=\"iphorm-required\">(required)<\/span><\/label>        <div class=\"iphorm-input-wrap iphorm-input-wrap-text iphorm_1_1-input-wrap\" >\n            <input class=\"iphorm-element-text  iphorm_1_1\" id=\"iphorm_1_1_69e769b268442\" type=\"text\" name=\"iphorm_1_1\"  value=\"\"  \/>\n                    <\/div>\n        <div class=\"iphorm-errors-wrap iphorm-hidden\" >\r\n    <\/div>    <\/div>\n    <\/div><div class=\"iphorm-element-wrap iphorm-element-wrap-text iphorm_1_4-element-wrap iphorm-clearfix iphorm-labels-above iphorm-element-required\" >\n    <div class=\"iphorm-element-spacer iphorm-element-spacer-text iphorm_1_4-element-spacer\">\n        <label for=\"iphorm_1_4_69e769b268442\" class=\"iphorm_1_4-outer-label\" >Surname<span class=\"iphorm-required\">(required)<\/span><\/label>        <div class=\"iphorm-input-wrap iphorm-input-wrap-text iphorm_1_4-input-wrap\" >\n            <input class=\"iphorm-element-text  iphorm_1_4\" id=\"iphorm_1_4_69e769b268442\" type=\"text\" name=\"iphorm_1_4\"  value=\"\"  \/>\n                    <\/div>\n        <div class=\"iphorm-errors-wrap iphorm-hidden\" >\r\n    <\/div>    <\/div>\n    <\/div><\/div><\/div><\/div><div class=\"iphorm-group-wrap iphorm_1_5-group-wrap iphorm-clearfix iphorm-labels-above iphorm-group-style-plain iphorm-group-alignment-proportional\" >\n    <div class=\"iphorm-group-elements\" >\n                <div class=\"iphorm-group-row iphorm-clearfix iphorm-group-row-2cols\"><div class=\"iphorm-element-wrap iphorm-element-wrap-text iphorm_1_7-element-wrap iphorm-clearfix iphorm-labels-above iphorm-element-optional\" >\n    <div class=\"iphorm-element-spacer iphorm-element-spacer-text iphorm_1_7-element-spacer\">\n        <label for=\"iphorm_1_7_69e769b268442\" class=\"iphorm_1_7-outer-label\" >Phone<\/label>        <div class=\"iphorm-input-wrap iphorm-input-wrap-text iphorm_1_7-input-wrap\" >\n            <input class=\"iphorm-element-text  iphorm_1_7\" id=\"iphorm_1_7_69e769b268442\" type=\"text\" name=\"iphorm_1_7\"  value=\"\"  \/>\n                    <\/div>\n        <div class=\"iphorm-errors-wrap iphorm-hidden\" >\r\n    <\/div>    <\/div>\n    <\/div><div class=\"iphorm-element-wrap iphorm-element-wrap-text iphorm_1_8-element-wrap iphorm-clearfix iphorm-labels-above iphorm-element-required\" >\n    <div class=\"iphorm-element-spacer iphorm-element-spacer-text iphorm_1_8-element-spacer\">\n        <label for=\"iphorm_1_8_69e769b268442\" class=\"iphorm_1_8-outer-label\" >Email<span class=\"iphorm-required\">(required)<\/span><\/label>        <div class=\"iphorm-input-wrap iphorm-input-wrap-text iphorm_1_8-input-wrap\" >\n            <input class=\"iphorm-element-text  iphorm_1_8\" id=\"iphorm_1_8_69e769b268442\" type=\"email\" name=\"iphorm_1_8\"  value=\"\"  \/>\n                    <\/div>\n        <div class=\"iphorm-errors-wrap iphorm-hidden\" >\r\n    <\/div>    <\/div>\n    <\/div><\/div><\/div><\/div><div class=\"iphorm-element-wrap iphorm-element-wrap-textarea iphorm_1_9-element-wrap iphorm-clearfix iphorm-labels-above iphorm-element-required\" >\n    <div class=\"iphorm-element-spacer iphorm-element-spacer-textarea iphorm_1_9-element-spacer\">\n        <label for=\"iphorm_1_9_69e769b268442\" class=\"iphorm_1_9-outer-label\" >Message<span class=\"iphorm-required\">(required)<\/span><\/label>        <div class=\"iphorm-input-wrap iphorm-input-wrap-textarea iphorm_1_9-input-wrap\" >\n            <textarea class=\"iphorm-element-textarea  iphorm_1_9\" id=\"iphorm_1_9_69e769b268442\" name=\"iphorm_1_9\"  style='width: 100%;' rows=\"5\" cols=\"25\"><\/textarea>\n                    <\/div>\n        <div class=\"iphorm-errors-wrap iphorm-hidden\" >\r\n    <\/div>    <\/div>\n    <\/div><div class=\"iphorm-hidden\">\n    <label>This field should be left blank<input type=\"text\" name=\"iphorm_1_0\" \/><\/label>\n<\/div>                <div class=\"iphorm-submit-wrap iphorm-submit-wrap-1 iphorm-clearfix\" >\n                    <div class=\"iphorm-submit-input-wrap iphorm-submit-input-wrap-1\" >\n                        <button class=\"iphorm-submit-element\" type=\"submit\" name=\"iphorm_submit\" ><span ><em >Send<\/em><\/span><\/button>\n                    <\/div>\n                    <div class=\"iphorm-loading-wrap\"><span class=\"iphorm-loading\">Please wait...<\/span><\/div>\n                <\/div>\n            <\/div>\n                                            <\/div>\n            <\/form>\n    <script type=\"text\/javascript\">\n    jQuery('#iphorm-outer-69e769b268442 script').remove();\n    <\/script>\n<\/div><div class=\"fusion-clearfix\"><\/div>\n\n\t\t\t<\/div>\n\t\t<\/div><\/div><\/div><div  class=\"fusion-fullwidth fullwidth-box nonhundred-percent-fullwidth\"  style='background-color: rgba(255,255,255,0);background-position: left top;background-repeat: no-repeat;padding-top:20px;padding-right:0px;padding-bottom:20px;padding-left:0px;border-top-width:0px;border-bottom-width:0px;border-color:#eae9e9;border-top-style:;border-bottom-style:;'><div class=\"fusion-builder-row fusion-row \"><div  class=\"fusion-layout-column fusion_builder_column fusion_builder_column_1_3  fusion-one-third fusion-column-first 1_3\"  style='margin-top:0px;margin-bottom:20px;width:30.6666%; margin-right: 4%;'>\n\t\t\t<div class=\"fusion-column-wrapper\" style=\"background-position:left top;background-repeat:no-repeat;-webkit-background-size:cover;-moz-background-size:cover;-o-background-size:cover;background-size:cover;\"  data-bg-url=\"\">\n\t\t\t\t<div class=\"fusion-person person fusion-person-left fusion-person-icon-top\"><div class=\"person-shortcode-image-wrapper\"><div class=\"person-image-container hover-type-liftup\" style=\"-webkit-border-radius:0px;-moz-border-radius:0px;border-radius:0px;\"><img class=\"person-img img-responsive\" style=\"-webkit-border-radius:0px;-moz-border-radius:0px;border-radius:0px;border:0px solid #f6f6f6;\" src=\"http:\/\/www.skylightyachting.com\/wp-content\/uploads\/2016\/10\/contact-be.jpg\" alt=\"Bekirhan E\u011friboz\" \/><\/div><\/div><div class=\"person-desc\"><div class=\"person-author\"><div class=\"person-author-wrapper\"><span class=\"person-name\">Bekirhan E\u011friboz<\/span><span class=\"person-title\">Gemi \u0130n\u015faat M\u00fchendisi ve Yat Broker<\/span><\/div><div class=\"fusion-social-networks\"><div class=\"fusion-social-networks-wrapper\"><a class=\"fusion-social-network-icon fusion-tooltip fusion-facebook fusion-icon-facebook\" href=\"https:\/\/www.facebook.com\/bekirhan.egriboz\" target=\"_blank\" rel=\"noopener noreferrer\" style=\"color:#bebdbd;font-size:16px;\" data-placement=\"top\" data-title=\"Facebook\" title=\"Facebook\" data-toggle=\"tooltip\"><\/a><a class=\"fusion-social-network-icon fusion-tooltip fusion-instagram fusion-icon-instagram\" href=\"https:\/\/www.instagram.com\/bekirhanegriboz\/\" target=\"_blank\" rel=\"noopener noreferrer\" style=\"color:#bebdbd;font-size:16px;\" data-placement=\"top\" data-title=\"Instagram\" title=\"Instagram\" data-toggle=\"tooltip\"><\/a><a class=\"fusion-social-network-icon fusion-tooltip fusion-mail fusion-icon-mail\" href=\"mailto:bek&#105;rh&#097;&#110;&#064;skyl&#105;&#103;hty&#097;&#099;&#104;&#116;&#105;n&#103;&#046;&#099;om\" target=\"_self\" style=\"color:#bebdbd;font-size:16px;\" data-placement=\"top\" data-title=\"Mail\" title=\"Mail\" data-toggle=\"tooltip\"><\/a><\/div><\/div><\/div><div class=\"person-content fusion-clearfix\">Telefon: +90 549 774 87 78<br \/>\nMail: bekirhan@skylightyachting.com<\/div><\/div><\/div><div class=\"fusion-clearfix\"><\/div>\n\n\t\t\t<\/div>\n\t\t<\/div><\/div><\/div><\/p>\n","protected":false},"excerpt":{"rendered":"","protected":false},"author":2,"featured_media":0,"parent":0,"menu_order":0,"comment_status":"closed","ping_status":"closed","template":"100-width.php","meta":{"footnotes":""},"_links":{"self":[{"href":"http:\/\/www.skylightyachting.com\/tr\/wp-json\/wp\/v2\/pages\/7460"}],"collection":[{"href":"http:\/\/www.skylightyachting.com\/tr\/wp-json\/wp\/v2\/pages"}],"about":[{"href":"http:\/\/www.skylightyachting.com\/tr\/wp-json\/wp\/v2\/types\/page"}],"author":[{"embeddable":true,"href":"http:\/\/www.skylightyachting.com\/tr\/wp-json\/wp\/v2\/users\/2"}],"replies":[{"embeddable":true,"href":"http:\/\/www.skylightyachting.com\/tr\/wp-json\/wp\/v2\/comments?post=7460"}],"version-history":[{"count":6,"href":"http:\/\/www.skylightyachting.com\/tr\/wp-json\/wp\/v2\/pages\/7460\/revisions"}],"predecessor-version":[{"id":7466,"href":"http:\/\/www.skylightyachting.com\/tr\/wp-json\/wp\/v2\/pages\/7460\/revisions\/7466"}],"wp:attachment":[{"href":"http:\/\/www.skylightyachting.com\/tr\/wp-json\/wp\/v2\/media?parent=7460"}],"curies":[{"name":"wp","href":"https:\/\/api.w.org\/{rel}","templated":true}]}}